{"id":2112,"date":"2024-06-03T16:38:02","date_gmt":"2024-06-03T16:38:02","guid":{"rendered":"https:\/\/primeironegocio.online\/?page_id=2112"},"modified":"2025-03-23T18:28:28","modified_gmt":"2025-03-23T18:28:28","slug":"matheusrodrigues26k","status":"publish","type":"page","link":"https:\/\/primeironegocio.online\/index.php\/matheusrodrigues26k\/","title":{"rendered":"Kwai Lucrativo &#8211; Perfil 7K"},"content":{"rendered":"\t\t<div data-elementor-type=\"wp-page\" data-elementor-id=\"2112\" class=\"elementor elementor-2112\" data-elementor-settings=\"{&quot;ha_cmc_init_switcher&quot;:&quot;no&quot;}\">\n\t\t\t\t\t\t<section class=\"elementor-section elementor-top-section elementor-element elementor-element-7b4a5771 elementor-section-boxed elementor-section-height-default elementor-section-height-default wpr-particle-no wpr-jarallax-no wpr-parallax-no wpr-sticky-section-no\" data-id=\"7b4a5771\" data-element_type=\"section\" data-settings=\"{&quot;background_background&quot;:&quot;classic&quot;,&quot;_ha_eqh_enable&quot;:false}\">\n\t\t\t\t\t\t<div class=\"elementor-container elementor-column-gap-default\">\n\t\t\t\t\t<div class=\"elementor-column elementor-col-50 elementor-top-column elementor-element elementor-element-69372ecd\" data-id=\"69372ecd\" data-element_type=\"column\">\n\t\t\t<div class=\"elementor-widget-wrap\">\n\t\t\t\t\t\t\t<\/div>\n\t\t<\/div>\n\t\t\t\t<div class=\"elementor-column elementor-col-50 elementor-top-column elementor-element elementor-element-380cdd61\" data-id=\"380cdd61\" data-element_type=\"column\">\n\t\t\t<div class=\"elementor-widget-wrap elementor-element-populated\">\n\t\t\t\t\t\t<div class=\"elementor-element elementor-element-7b0c660 elementor-widget elementor-widget-spacer\" data-id=\"7b0c660\" data-element_type=\"widget\" data-widget_type=\"spacer.default\">\n\t\t\t\t<div class=\"elementor-widget-container\">\n\t\t\t\t\t\t\t<div class=\"elementor-spacer\">\n\t\t\t<div class=\"elementor-spacer-inner\"><\/div>\n\t\t<\/div>\n\t\t\t\t\t\t<\/div>\n\t\t\t\t<\/div>\n\t\t\t\t<div class=\"elementor-element elementor-element-6e0ed45c elementor-widget elementor-widget-ha-gradient-heading happy-addon ha-gradient-heading\" data-id=\"6e0ed45c\" data-element_type=\"widget\" data-widget_type=\"ha-gradient-heading.default\">\n\t\t\t\t<div class=\"elementor-widget-container\">\n\t\t\t\t\t<h4 class=\"ha-gradient-heading\">O \u00fanico influenciador que vai te ensinar a sair dos centavos no Kwai.<\/h4>\t\t\t\t<\/div>\n\t\t\t\t<\/div>\n\t\t\t\t<div class=\"elementor-element elementor-element-5621455a elementor-widget elementor-widget-spacer\" data-id=\"5621455a\" data-element_type=\"widget\" data-widget_type=\"spacer.default\">\n\t\t\t\t<div class=\"elementor-widget-container\">\n\t\t\t\t\t\t\t<div class=\"elementor-spacer\">\n\t\t\t<div class=\"elementor-spacer-inner\"><\/div>\n\t\t<\/div>\n\t\t\t\t\t\t<\/div>\n\t\t\t\t<\/div>\n\t\t\t\t<div class=\"elementor-element elementor-element-2639c01b elementor-widget elementor-widget-ha-gradient-heading happy-addon ha-gradient-heading\" data-id=\"2639c01b\" data-element_type=\"widget\" data-widget_type=\"ha-gradient-heading.default\">\n\t\t\t\t<div class=\"elementor-widget-container\">\n\t\t\t\t\t<h4 class=\"ha-gradient-heading\">saia dos centavos hoje mesmo, sem precisar de contratos com o Kwai e nem mesmo aparecer, assista o v\u00eddeo!<\/h4>\t\t\t\t<\/div>\n\t\t\t\t<\/div>\n\t\t\t\t<div class=\"elementor-element elementor-element-40436d51 elementor-widget elementor-widget-spacer\" data-id=\"40436d51\" data-element_type=\"widget\" data-widget_type=\"spacer.default\">\n\t\t\t\t<div class=\"elementor-widget-container\">\n\t\t\t\t\t\t\t<div class=\"elementor-spacer\">\n\t\t\t<div class=\"elementor-spacer-inner\"><\/div>\n\t\t<\/div>\n\t\t\t\t\t\t<\/div>\n\t\t\t\t<\/div>\n\t\t\t\t<div class=\"elementor-element elementor-element-17b67afb elementor-widget elementor-widget-html\" data-id=\"17b67afb\" data-element_type=\"widget\" data-widget_type=\"html.default\">\n\t\t\t\t<div class=\"elementor-widget-container\">\n\t\t\t\t\t<div id=\"vid_66477e76f9bdd1000b8a6c59\" style=\"position: relative; width: 100%; padding: 56.25% 0 0;\"> <img decoding=\"async\" id=\"thumb_66477e76f9bdd1000b8a6c59\" src=\"https:\/\/images.converteai.net\/934e483c-9b34-4d58-be02-ce7e62d297f7\/players\/66477e76f9bdd1000b8a6c59\/thumbnail.jpg\" style=\"position: absolute; top: 0; left: 0; width: 100%; height: 100%; object-fit: cover; display: block;\" alt=\"thumbnail\"> <div id=\"backdrop_66477e76f9bdd1000b8a6c59\" style=\" -webkit-backdrop-filter: blur(5px); backdrop-filter: blur(5px); position: absolute; top: 0; height: 100%; width: 100%; \"><\/div> <\/div> <script type=\"text\/javascript\" id=\"scr_66477e76f9bdd1000b8a6c59\"> var s=document.createElement(\"script\"); s.src=\"https:\/\/scripts.converteai.net\/934e483c-9b34-4d58-be02-ce7e62d297f7\/players\/66477e76f9bdd1000b8a6c59\/player.js\", s.async=!0,document.head.appendChild(s); <\/script>\t\t\t\t<\/div>\n\t\t\t\t<\/div>\n\t\t\t\t<div class=\"elementor-element elementor-element-b4deb5c elementor-widget elementor-widget-spacer\" data-id=\"b4deb5c\" data-element_type=\"widget\" data-widget_type=\"spacer.default\">\n\t\t\t\t<div class=\"elementor-widget-container\">\n\t\t\t\t\t\t\t<div class=\"elementor-spacer\">\n\t\t\t<div class=\"elementor-spacer-inner\"><\/div>\n\t\t<\/div>\n\t\t\t\t\t\t<\/div>\n\t\t\t\t<\/div>\n\t\t\t\t<div class=\"elementor-element elementor-element-22a442f7 elementor-mobile-align-center elementor-align-center elementor-invisible elementor-widget elementor-widget-button\" data-id=\"22a442f7\" data-element_type=\"widget\" data-settings=\"{&quot;_animation&quot;:&quot;fadeIn&quot;,&quot;_animation_mobile&quot;:&quot;pulse&quot;,&quot;_animation_delay&quot;:480000}\" data-widget_type=\"button.default\">\n\t\t\t\t<div class=\"elementor-widget-container\">\n\t\t\t\t\t\t\t\t\t<div class=\"elementor-button-wrapper\">\n\t\t\t\t\t<a class=\"elementor-button elementor-button-link elementor-size-sm\" href=\"https:\/\/go.pepper.com.br\/xxdk3\">\n\t\t\t\t\t\t<span class=\"elementor-button-content-wrapper\">\n\t\t\t\t\t\t\t\t\t<span class=\"elementor-button-text\">Quero meu Kwai Lucrativo<\/span>\n\t\t\t\t\t<\/span>\n\t\t\t\t\t<\/a>\n\t\t\t\t<\/div>\n\t\t\t\t\t\t\t\t<\/div>\n\t\t\t\t<\/div>\n\t\t\t\t<div class=\"elementor-element elementor-element-d6cbe5c elementor-widget elementor-widget-spacer\" data-id=\"d6cbe5c\" data-element_type=\"widget\" data-widget_type=\"spacer.default\">\n\t\t\t\t<div class=\"elementor-widget-container\">\n\t\t\t\t\t\t\t<div class=\"elementor-spacer\">\n\t\t\t<div class=\"elementor-spacer-inner\"><\/div>\n\t\t<\/div>\n\t\t\t\t\t\t<\/div>\n\t\t\t\t<\/div>\n\t\t\t\t\t<\/div>\n\t\t<\/div>\n\t\t\t\t\t<\/div>\n\t\t<\/section>\n\t\t\t\t<section class=\"elementor-section elementor-top-section elementor-element elementor-element-5e02ccc8 elementor-section-boxed elementor-section-height-default elementor-section-height-default wpr-particle-no wpr-jarallax-no wpr-parallax-no wpr-sticky-section-no\" data-id=\"5e02ccc8\" data-element_type=\"section\" data-settings=\"{&quot;background_background&quot;:&quot;classic&quot;,&quot;_ha_eqh_enable&quot;:false}\">\n\t\t\t\t\t\t<div class=\"elementor-container elementor-column-gap-default\">\n\t\t\t\t\t<div class=\"elementor-column elementor-col-100 elementor-top-column elementor-element elementor-element-19f84ff4\" data-id=\"19f84ff4\" data-element_type=\"column\">\n\t\t\t<div class=\"elementor-widget-wrap elementor-element-populated\">\n\t\t\t\t\t\t<div class=\"elementor-element elementor-element-598a1dd9 elementor-widget elementor-widget-image\" data-id=\"598a1dd9\" data-element_type=\"widget\" data-widget_type=\"image.default\">\n\t\t\t\t<div class=\"elementor-widget-container\">\n\t\t\t\t\t\t\t\t\t\t\t\t\t\t\t<img fetchpriority=\"high\" decoding=\"async\" width=\"667\" height=\"1024\" src=\"https:\/\/primeironegocio.online\/wp-content\/uploads\/2023\/06\/IMG_5643-667x1024.jpg\" class=\"attachment-large size-large wp-image-1038\" alt=\"\" srcset=\"https:\/\/primeironegocio.online\/wp-content\/uploads\/2023\/06\/IMG_5643-667x1024.jpg 667w, https:\/\/primeironegocio.online\/wp-content\/uploads\/2023\/06\/IMG_5643-195x300.jpg 195w, https:\/\/primeironegocio.online\/wp-content\/uploads\/2023\/06\/IMG_5643-768x1180.jpg 768w, https:\/\/primeironegocio.online\/wp-content\/uploads\/2023\/06\/IMG_5643-1000x1536.jpg 1000w, https:\/\/primeironegocio.online\/wp-content\/uploads\/2023\/06\/IMG_5643-600x921.jpg 600w, https:\/\/primeironegocio.online\/wp-content\/uploads\/2023\/06\/IMG_5643.jpg 1131w\" sizes=\"(max-width: 667px) 100vw, 667px\" \/>\t\t\t\t\t\t\t\t\t\t\t\t\t\t\t<\/div>\n\t\t\t\t<\/div>\n\t\t\t\t<div class=\"elementor-element elementor-element-559fdb11 elementor-widget elementor-widget-image\" data-id=\"559fdb11\" data-element_type=\"widget\" data-widget_type=\"image.default\">\n\t\t\t\t<div class=\"elementor-widget-container\">\n\t\t\t\t\t\t\t\t\t\t\t\t\t\t\t<img decoding=\"async\" width=\"640\" height=\"1024\" src=\"https:\/\/primeironegocio.online\/wp-content\/uploads\/2023\/06\/IMG_5619-3-640x1024.jpg\" class=\"attachment-large size-large wp-image-1033\" alt=\"\" srcset=\"https:\/\/primeironegocio.online\/wp-content\/uploads\/2023\/06\/IMG_5619-3-640x1024.jpg 640w, https:\/\/primeironegocio.online\/wp-content\/uploads\/2023\/06\/IMG_5619-3-187x300.jpg 187w, https:\/\/primeironegocio.online\/wp-content\/uploads\/2023\/06\/IMG_5619-3-768x1229.jpg 768w, https:\/\/primeironegocio.online\/wp-content\/uploads\/2023\/06\/IMG_5619-3-959x1536.jpg 959w, https:\/\/primeironegocio.online\/wp-content\/uploads\/2023\/06\/IMG_5619-3-600x961.jpg 600w, https:\/\/primeironegocio.online\/wp-content\/uploads\/2023\/06\/IMG_5619-3.jpg 1125w\" sizes=\"(max-width: 640px) 100vw, 640px\" \/>\t\t\t\t\t\t\t\t\t\t\t\t\t\t\t<\/div>\n\t\t\t\t<\/div>\n\t\t\t\t<div class=\"elementor-element elementor-element-45534d49 elementor-widget elementor-widget-spacer\" data-id=\"45534d49\" data-element_type=\"widget\" data-widget_type=\"spacer.default\">\n\t\t\t\t<div class=\"elementor-widget-container\">\n\t\t\t\t\t\t\t<div class=\"elementor-spacer\">\n\t\t\t<div class=\"elementor-spacer-inner\"><\/div>\n\t\t<\/div>\n\t\t\t\t\t\t<\/div>\n\t\t\t\t<\/div>\n\t\t\t\t<div class=\"elementor-element elementor-element-17510ebc elementor-widget elementor-widget-text-editor\" data-id=\"17510ebc\" data-element_type=\"widget\" data-widget_type=\"text-editor.default\">\n\t\t\t\t<div class=\"elementor-widget-container\">\n\t\t\t\t\t\t\t\t\t<p><b><span style=\"vertical-align: inherit;\"><span style=\"vertical-align: inherit;\"><span style=\"vertical-align: inherit;\"><span style=\"vertical-align: inherit;\"><span style=\"vertical-align: inherit;\"><span style=\"vertical-align: inherit;\"><span style=\"vertical-align: inherit;\"><span style=\"vertical-align: inherit;\">Este site n\u00e3o \u00e9 afiliado ao Kwai ou a qualquer entidade do Kwai.\u00a0<\/span><\/span><\/span><\/span><\/span><\/span><\/span><\/span><\/b><span style=\"vertical-align: inherit;\"><span style=\"vertical-align: inherit;\"><span style=\"vertical-align: inherit;\"><span style=\"vertical-align: inherit;\"><span style=\"vertical-align: inherit;\"><span style=\"vertical-align: inherit;\"><span style=\"vertical-align: inherit;\"><span style=\"vertical-align: inherit;\"> \u00a0Depois que voc\u00ea sair do Kwai, a responsabilidade n\u00e3o \u00e9 deles e sim do nosso site. todos os esfor\u00e7os para indicar claramente e mostrar todas as provas do produto e resultados usados \u200b\u200breais. N\u00e3o vendemos seu e-mail ou qualquer informa\u00e7\u00e3o para terceiros. Jamais n\u00e3o fazemos nenhum tipo de spam. Se voc\u00ea tiver alguma d\u00favida, sinta-se \u00e0 vontade para usar o link de contato e fale conosco no hor\u00e1rio comercial da Segunda a Sexta das 09h00 \u00e0s 18h00. Lemos e respondemos todas as mensagens por ordem de chegada.<\/span><\/span><\/span><\/span><\/span><\/span><\/span><\/span><\/p>\t\t\t\t\t\t\t\t<\/div>\n\t\t\t\t<\/div>\n\t\t\t\t<div class=\"elementor-element elementor-element-7060a6e0 elementor-widget elementor-widget-spacer\" data-id=\"7060a6e0\" data-element_type=\"widget\" data-widget_type=\"spacer.default\">\n\t\t\t\t<div class=\"elementor-widget-container\">\n\t\t\t\t\t\t\t<div class=\"elementor-spacer\">\n\t\t\t<div class=\"elementor-spacer-inner\"><\/div>\n\t\t<\/div>\n\t\t\t\t\t\t<\/div>\n\t\t\t\t<\/div>\n\t\t\t\t\t<\/div>\n\t\t<\/div>\n\t\t\t\t\t<\/div>\n\t\t<\/section>\n\t\t\t\t<\/div>\n\t\t","protected":false},"excerpt":{"rendered":"<p>O \u00fanico influenciador que vai te ensinar a sair dos centavos no Kwai. saia dos centavos hoje mesmo, sem precisar de contratos com o Kwai e nem mesmo aparecer, assista o v\u00eddeo! Quero meu Kwai Lucrativo Este site n\u00e3o \u00e9 afiliado ao Kwai ou a qualquer entidade do Kwai.\u00a0 \u00a0Depois que voc\u00ea sair do Kwai, a responsabilidade n\u00e3o \u00e9 deles e sim do nosso site. todos os esfor\u00e7os para indicar claramente e mostrar todas as provas do produto e resultados usados \u200b\u200breais. N\u00e3o vendemos seu e-mail ou qualquer informa\u00e7\u00e3o para terceiros. Jamais n\u00e3o fazemos nenhum tipo de spam. Se voc\u00ea tiver alguma d\u00favida, sinta-se \u00e0 vontade para usar o link de contato e fale conosco no hor\u00e1rio comercial da Segunda a Sexta das 09h00 \u00e0s 18h00. Lemos e respondemos todas as mensagens por ordem de chegada.<\/p>\n","protected":false},"author":1,"featured_media":0,"parent":0,"menu_order":0,"comment_status":"closed","ping_status":"closed","template":"elementor_canvas","meta":{"footnotes":""},"class_list":["post-2112","page","type-page","status-publish","hentry"],"_links":{"self":[{"href":"https:\/\/primeironegocio.online\/index.php\/wp-json\/wp\/v2\/pages\/2112","targetHints":{"allow":["GET"]}}],"collection":[{"href":"https:\/\/primeironegocio.online\/index.php\/wp-json\/wp\/v2\/pages"}],"about":[{"href":"https:\/\/primeironegocio.online\/index.php\/wp-json\/wp\/v2\/types\/page"}],"author":[{"embeddable":true,"href":"https:\/\/primeironegocio.online\/index.php\/wp-json\/wp\/v2\/users\/1"}],"replies":[{"embeddable":true,"href":"https:\/\/primeironegocio.online\/index.php\/wp-json\/wp\/v2\/comments?post=2112"}],"version-history":[{"count":16,"href":"https:\/\/primeironegocio.online\/index.php\/wp-json\/wp\/v2\/pages\/2112\/revisions"}],"predecessor-version":[{"id":3484,"href":"https:\/\/primeironegocio.online\/index.php\/wp-json\/wp\/v2\/pages\/2112\/revisions\/3484"}],"wp:attachment":[{"href":"https:\/\/primeironegocio.online\/index.php\/wp-json\/wp\/v2\/media?parent=2112"}],"curies":[{"name":"wp","href":"https:\/\/api.w.org\/{rel}","templated":true}]}}