{"id":2161,"date":"2024-07-07T19:19:35","date_gmt":"2024-07-07T19:19:35","guid":{"rendered":"https:\/\/primeironegocio.online\/?page_id=2161"},"modified":"2024-07-16T01:29:00","modified_gmt":"2024-07-16T01:29:00","slug":"matheusrodrigues26k-2","status":"publish","type":"page","link":"https:\/\/primeironegocio.online\/index.php\/matheusrodrigues26k-2\/","title":{"rendered":"Modelo de edi\u00e7\u00e3o dia 7 de julho"},"content":{"rendered":"\t\t<div data-elementor-type=\"wp-page\" data-elementor-id=\"2161\" class=\"elementor elementor-2161\" data-elementor-settings=\"{&quot;ha_cmc_init_switcher&quot;:&quot;no&quot;}\">\n\t\t\t\t\t\t<section class=\"elementor-section elementor-top-section elementor-element elementor-element-5490ac0 elementor-section-boxed elementor-section-height-default elementor-section-height-default wpr-particle-no wpr-jarallax-no wpr-parallax-no wpr-sticky-section-no\" data-id=\"5490ac0\" data-element_type=\"section\" data-settings=\"{&quot;background_background&quot;:&quot;classic&quot;,&quot;_ha_eqh_enable&quot;:false}\">\n\t\t\t\t\t\t\t<div class=\"elementor-background-overlay\"><\/div>\n\t\t\t\t\t\t\t<div class=\"elementor-container elementor-column-gap-default\">\n\t\t\t\t\t<div class=\"elementor-column elementor-col-50 elementor-top-column elementor-element elementor-element-995a6d9\" data-id=\"995a6d9\" data-element_type=\"column\" data-settings=\"{&quot;background_background&quot;:&quot;classic&quot;}\">\n\t\t\t<div class=\"elementor-widget-wrap elementor-element-populated\">\n\t\t\t\t\t\t<div class=\"elementor-element elementor-element-a9e620c elementor-widget elementor-widget-text-editor\" data-id=\"a9e620c\" data-element_type=\"widget\" data-widget_type=\"text-editor.default\">\n\t\t\t\t<div class=\"elementor-widget-container\">\n\t\t\t\t\t\t\t\t\t<p><b><span style=\"vertical-align: inherit;\"><span style=\"vertical-align: inherit;\"><span style=\"vertical-align: inherit;\"><span style=\"vertical-align: inherit;\">DIGA ADEUS AOS<\/span><\/span><\/span><\/span><\/b><\/p>\t\t\t\t\t\t\t\t<\/div>\n\t\t\t\t<\/div>\n\t\t\t\t<div class=\"elementor-element elementor-element-175ee47 elementor-widget elementor-widget-text-editor\" data-id=\"175ee47\" data-element_type=\"widget\" data-widget_type=\"text-editor.default\">\n\t\t\t\t<div class=\"elementor-widget-container\">\n\t\t\t\t\t\t\t\t\t<p><span style=\"color: #ffbf00;\"><b><span style=\"vertical-align: inherit;\"><span style=\"vertical-align: inherit;\"><span style=\"vertical-align: inherit;\"><span style=\"vertical-align: inherit;\"><span style=\"vertical-align: inherit;\"><span style=\"vertical-align: inherit;\"><span style=\"vertical-align: inherit;\"><span style=\"vertical-align: inherit;\"><span style=\"vertical-align: inherit;\"><span style=\"vertical-align: inherit;\"><span style=\"vertical-align: inherit;\"><span style=\"vertical-align: inherit;\">CENTAVOS NO KWAI<\/span><\/span><\/span><\/span><\/span><\/span><\/span><\/span><\/span><\/span><\/span><\/span><\/b><\/span><\/p>\t\t\t\t\t\t\t\t<\/div>\n\t\t\t\t<\/div>\n\t\t\t\t<div class=\"elementor-element elementor-element-bcde50f elementor-widget elementor-widget-spacer\" data-id=\"bcde50f\" data-element_type=\"widget\" data-widget_type=\"spacer.default\">\n\t\t\t\t<div class=\"elementor-widget-container\">\n\t\t\t\t\t\t\t<div class=\"elementor-spacer\">\n\t\t\t<div class=\"elementor-spacer-inner\"><\/div>\n\t\t<\/div>\n\t\t\t\t\t\t<\/div>\n\t\t\t\t<\/div>\n\t\t\t\t<div class=\"elementor-element elementor-element-7eb4129 elementor-widget elementor-widget-text-editor\" data-id=\"7eb4129\" data-element_type=\"widget\" data-widget_type=\"text-editor.default\">\n\t\t\t\t<div class=\"elementor-widget-container\">\n\t\t\t\t\t\t\t\t\t<p><strong>Revelei no v\u00eddeo abaixo como lucrar <span style=\"color: #ffc800;\">R$150 reais por dia<\/span> interagindo no Kwai<\/strong><\/p>\t\t\t\t\t\t\t\t<\/div>\n\t\t\t\t<\/div>\n\t\t\t\t<div class=\"elementor-element elementor-element-c4ca8ef elementor-widget elementor-widget-spacer\" data-id=\"c4ca8ef\" data-element_type=\"widget\" data-widget_type=\"spacer.default\">\n\t\t\t\t<div class=\"elementor-widget-container\">\n\t\t\t\t\t\t\t<div class=\"elementor-spacer\">\n\t\t\t<div class=\"elementor-spacer-inner\"><\/div>\n\t\t<\/div>\n\t\t\t\t\t\t<\/div>\n\t\t\t\t<\/div>\n\t\t\t\t<div class=\"elementor-element elementor-element-44d4a32 elementor-widget elementor-widget-html\" data-id=\"44d4a32\" data-element_type=\"widget\" data-widget_type=\"html.default\">\n\t\t\t\t<div class=\"elementor-widget-container\">\n\t\t\t\t\t<div id=\"vid_6695c46517bb38000b88c22f\" style=\"position:relative;width:100%;padding: 56.25% 0 0;\"> <img decoding=\"async\" id=\"thumb_6695c46517bb38000b88c22f\" src=\"https:\/\/images.converteai.net\/934e483c-9b34-4d58-be02-ce7e62d297f7\/players\/6695c46517bb38000b88c22f\/thumbnail.jpg\" style=\"position:absolute;top:0;left:0;width:100%;height:100%;object-fit:cover;display:block;\"> <div id=\"backdrop_6695c46517bb38000b88c22f\" style=\"position:absolute;top:0;width:100%;height:100%;-webkit-backdrop-filter:blur(5px);backdrop-filter:blur(5px);\"><\/div> <\/div> <script type=\"text\/javascript\" id=\"scr_6695c46517bb38000b88c22f\"> var s=document.createElement(\"script\"); s.src=\"https:\/\/scripts.converteai.net\/934e483c-9b34-4d58-be02-ce7e62d297f7\/players\/6695c46517bb38000b88c22f\/player.js\", s.async=!0,document.head.appendChild(s); <\/script> <style> .elementor-element:has(#smartplayer) { width: 100%; } <\/style>\t\t\t\t<\/div>\n\t\t\t\t<\/div>\n\t\t\t\t<div class=\"elementor-element elementor-element-b57ae31 elementor-mobile-align-center elementor-align-center elementor-invisible elementor-widget elementor-widget-button\" data-id=\"b57ae31\" data-element_type=\"widget\" data-settings=\"{&quot;_animation&quot;:&quot;fadeIn&quot;,&quot;_animation_mobile&quot;:&quot;fadeIn&quot;,&quot;_animation_delay&quot;:480000}\" data-widget_type=\"button.default\">\n\t\t\t\t<div class=\"elementor-widget-container\">\n\t\t\t\t\t\t\t\t\t<div class=\"elementor-button-wrapper\">\n\t\t\t\t\t<a class=\"elementor-button elementor-button-link elementor-size-sm\" href=\"https:\/\/pay.kiwify.com.br\/ZICyvG6\">\n\t\t\t\t\t\t<span class=\"elementor-button-content-wrapper\">\n\t\t\t\t\t\t<span class=\"elementor-button-icon\">\n\t\t\t\t<i aria-hidden=\"true\" class=\"far fa-check-circle\"><\/i>\t\t\t<\/span>\n\t\t\t\t\t\t\t\t\t<span class=\"elementor-button-text\">QUERO LUCRAR COM KWAI<\/span>\n\t\t\t\t\t<\/span>\n\t\t\t\t\t<\/a>\n\t\t\t\t<\/div>\n\t\t\t\t\t\t\t\t<\/div>\n\t\t\t\t<\/div>\n\t\t\t\t\t<\/div>\n\t\t<\/div>\n\t\t\t\t<div class=\"elementor-column elementor-col-50 elementor-top-column elementor-element elementor-element-d6c3fc1\" data-id=\"d6c3fc1\" data-element_type=\"column\" data-settings=\"{&quot;background_background&quot;:&quot;classic&quot;}\">\n\t\t\t<div class=\"elementor-widget-wrap elementor-element-populated\">\n\t\t\t\t\t\t<div class=\"elementor-element elementor-element-2aa2247 elementor-widget elementor-widget-image\" data-id=\"2aa2247\" data-element_type=\"widget\" data-widget_type=\"image.default\">\n\t\t\t\t<div class=\"elementor-widget-container\">\n\t\t\t\t\t\t\t\t\t\t\t\t\t\t\t<img fetchpriority=\"high\" decoding=\"async\" width=\"576\" height=\"1024\" src=\"https:\/\/primeironegocio.online\/wp-content\/uploads\/2024\/07\/2-4-576x1024.png\" class=\"attachment-large size-large wp-image-2351\" alt=\"\" srcset=\"https:\/\/primeironegocio.online\/wp-content\/uploads\/2024\/07\/2-4-576x1024.png 576w, https:\/\/primeironegocio.online\/wp-content\/uploads\/2024\/07\/2-4-169x300.png 169w, https:\/\/primeironegocio.online\/wp-content\/uploads\/2024\/07\/2-4-768x1365.png 768w, https:\/\/primeironegocio.online\/wp-content\/uploads\/2024\/07\/2-4-864x1536.png 864w, https:\/\/primeironegocio.online\/wp-content\/uploads\/2024\/07\/2-4-600x1067.png 600w, https:\/\/primeironegocio.online\/wp-content\/uploads\/2024\/07\/2-4.png 1080w\" sizes=\"(max-width: 576px) 100vw, 576px\" \/>\t\t\t\t\t\t\t\t\t\t\t\t\t\t\t<\/div>\n\t\t\t\t<\/div>\n\t\t\t\t<div class=\"elementor-element elementor-element-95551e6 elementor-widget elementor-widget-image\" data-id=\"95551e6\" data-element_type=\"widget\" data-widget_type=\"image.default\">\n\t\t\t\t<div class=\"elementor-widget-container\">\n\t\t\t\t\t\t\t\t\t\t\t\t\t\t\t<img decoding=\"async\" width=\"576\" height=\"1024\" src=\"https:\/\/primeironegocio.online\/wp-content\/uploads\/2024\/07\/3-3-576x1024.png\" class=\"attachment-large size-large wp-image-2352\" alt=\"\" srcset=\"https:\/\/primeironegocio.online\/wp-content\/uploads\/2024\/07\/3-3-576x1024.png 576w, https:\/\/primeironegocio.online\/wp-content\/uploads\/2024\/07\/3-3-169x300.png 169w, https:\/\/primeironegocio.online\/wp-content\/uploads\/2024\/07\/3-3-768x1365.png 768w, https:\/\/primeironegocio.online\/wp-content\/uploads\/2024\/07\/3-3-864x1536.png 864w, https:\/\/primeironegocio.online\/wp-content\/uploads\/2024\/07\/3-3-600x1067.png 600w, https:\/\/primeironegocio.online\/wp-content\/uploads\/2024\/07\/3-3.png 1080w\" sizes=\"(max-width: 576px) 100vw, 576px\" \/>\t\t\t\t\t\t\t\t\t\t\t\t\t\t\t<\/div>\n\t\t\t\t<\/div>\n\t\t\t\t<div class=\"elementor-element elementor-element-7bcd1a6 elementor-widget elementor-widget-image\" data-id=\"7bcd1a6\" data-element_type=\"widget\" data-widget_type=\"image.default\">\n\t\t\t\t<div class=\"elementor-widget-container\">\n\t\t\t\t\t\t\t\t\t\t\t\t\t\t\t<img decoding=\"async\" width=\"576\" height=\"1024\" src=\"https:\/\/primeironegocio.online\/wp-content\/uploads\/2024\/07\/4-2-576x1024.png\" class=\"attachment-large size-large wp-image-2353\" alt=\"\" srcset=\"https:\/\/primeironegocio.online\/wp-content\/uploads\/2024\/07\/4-2-576x1024.png 576w, https:\/\/primeironegocio.online\/wp-content\/uploads\/2024\/07\/4-2-169x300.png 169w, https:\/\/primeironegocio.online\/wp-content\/uploads\/2024\/07\/4-2-768x1365.png 768w, https:\/\/primeironegocio.online\/wp-content\/uploads\/2024\/07\/4-2-864x1536.png 864w, https:\/\/primeironegocio.online\/wp-content\/uploads\/2024\/07\/4-2-600x1067.png 600w, https:\/\/primeironegocio.online\/wp-content\/uploads\/2024\/07\/4-2.png 1080w\" sizes=\"(max-width: 576px) 100vw, 576px\" \/>\t\t\t\t\t\t\t\t\t\t\t\t\t\t\t<\/div>\n\t\t\t\t<\/div>\n\t\t\t\t\t<\/div>\n\t\t<\/div>\n\t\t\t\t\t<\/div>\n\t\t<\/section>\n\t\t\t\t<section class=\"elementor-section elementor-top-section elementor-element elementor-element-6ab4fe3 elementor-section-boxed elementor-section-height-default elementor-section-height-default wpr-particle-no wpr-jarallax-no wpr-parallax-no wpr-sticky-section-no\" data-id=\"6ab4fe3\" data-element_type=\"section\" data-settings=\"{&quot;background_background&quot;:&quot;classic&quot;,&quot;_ha_eqh_enable&quot;:false}\">\n\t\t\t\t\t\t<div class=\"elementor-container elementor-column-gap-default\">\n\t\t\t\t\t<div class=\"elementor-column elementor-col-50 elementor-top-column elementor-element elementor-element-7adecdc\" data-id=\"7adecdc\" data-element_type=\"column\">\n\t\t\t<div class=\"elementor-widget-wrap\">\n\t\t\t\t\t\t\t<\/div>\n\t\t<\/div>\n\t\t\t\t<div class=\"elementor-column elementor-col-50 elementor-top-column elementor-element elementor-element-35a1140\" data-id=\"35a1140\" data-element_type=\"column\">\n\t\t\t<div class=\"elementor-widget-wrap elementor-element-populated\">\n\t\t\t\t\t\t<div class=\"elementor-element elementor-element-7778959 elementor-widget elementor-widget-image\" data-id=\"7778959\" data-element_type=\"widget\" data-widget_type=\"image.default\">\n\t\t\t\t<div class=\"elementor-widget-container\">\n\t\t\t\t\t\t\t\t\t\t\t\t\t\t\t<img loading=\"lazy\" decoding=\"async\" width=\"667\" height=\"1024\" src=\"https:\/\/primeironegocio.online\/wp-content\/uploads\/2023\/06\/IMG_5643-667x1024.jpg\" class=\"attachment-large size-large wp-image-1038\" alt=\"\" srcset=\"https:\/\/primeironegocio.online\/wp-content\/uploads\/2023\/06\/IMG_5643-667x1024.jpg 667w, https:\/\/primeironegocio.online\/wp-content\/uploads\/2023\/06\/IMG_5643-195x300.jpg 195w, https:\/\/primeironegocio.online\/wp-content\/uploads\/2023\/06\/IMG_5643-768x1180.jpg 768w, https:\/\/primeironegocio.online\/wp-content\/uploads\/2023\/06\/IMG_5643-1000x1536.jpg 1000w, https:\/\/primeironegocio.online\/wp-content\/uploads\/2023\/06\/IMG_5643-600x921.jpg 600w, https:\/\/primeironegocio.online\/wp-content\/uploads\/2023\/06\/IMG_5643.jpg 1131w\" sizes=\"(max-width: 667px) 100vw, 667px\" \/>\t\t\t\t\t\t\t\t\t\t\t\t\t\t\t<\/div>\n\t\t\t\t<\/div>\n\t\t\t\t<div class=\"elementor-element elementor-element-b67a9a7 elementor-widget elementor-widget-image\" data-id=\"b67a9a7\" data-element_type=\"widget\" data-widget_type=\"image.default\">\n\t\t\t\t<div class=\"elementor-widget-container\">\n\t\t\t\t\t\t\t\t\t\t\t\t\t\t\t<img loading=\"lazy\" decoding=\"async\" width=\"640\" height=\"1024\" src=\"https:\/\/primeironegocio.online\/wp-content\/uploads\/2023\/06\/IMG_5619-3-640x1024.jpg\" class=\"attachment-large size-large wp-image-1033\" alt=\"\" srcset=\"https:\/\/primeironegocio.online\/wp-content\/uploads\/2023\/06\/IMG_5619-3-640x1024.jpg 640w, https:\/\/primeironegocio.online\/wp-content\/uploads\/2023\/06\/IMG_5619-3-187x300.jpg 187w, https:\/\/primeironegocio.online\/wp-content\/uploads\/2023\/06\/IMG_5619-3-768x1229.jpg 768w, https:\/\/primeironegocio.online\/wp-content\/uploads\/2023\/06\/IMG_5619-3-959x1536.jpg 959w, https:\/\/primeironegocio.online\/wp-content\/uploads\/2023\/06\/IMG_5619-3-600x961.jpg 600w, https:\/\/primeironegocio.online\/wp-content\/uploads\/2023\/06\/IMG_5619-3.jpg 1125w\" sizes=\"(max-width: 640px) 100vw, 640px\" \/>\t\t\t\t\t\t\t\t\t\t\t\t\t\t\t<\/div>\n\t\t\t\t<\/div>\n\t\t\t\t<div class=\"elementor-element elementor-element-ae83bfb elementor-widget elementor-widget-spacer\" data-id=\"ae83bfb\" data-element_type=\"widget\" data-widget_type=\"spacer.default\">\n\t\t\t\t<div class=\"elementor-widget-container\">\n\t\t\t\t\t\t\t<div class=\"elementor-spacer\">\n\t\t\t<div class=\"elementor-spacer-inner\"><\/div>\n\t\t<\/div>\n\t\t\t\t\t\t<\/div>\n\t\t\t\t<\/div>\n\t\t\t\t<div class=\"elementor-element elementor-element-a17bd24 elementor-widget elementor-widget-text-editor\" data-id=\"a17bd24\" data-element_type=\"widget\" data-widget_type=\"text-editor.default\">\n\t\t\t\t<div class=\"elementor-widget-container\">\n\t\t\t\t\t\t\t\t\t<p><b><span style=\"vertical-align: inherit;\">Este site n\u00e3o \u00e9 afiliado ao Kwai ou a qualquer entidade do Kwai.&nbsp;<\/span><\/b><span style=\"vertical-align: inherit;\">Depois que voc\u00ea sai do Kwai, a responsabilidade n\u00e3o \u00e9 deles e sim do nosso site. todos os esfor\u00e7os para indicar claramente e mostrar todas as provas do produto e resultados usados reais. N\u00e3o vendemos seu e-mail ou qualquer informa\u00e7\u00e3o para terceiros. Jamais fazemos nenhum tipo de spam. Se voc\u00ea tiver alguma d\u00favida, sinta-se \u00e0 vontade para usar o link de contato e fale conosco no hor\u00e1rio comercial da Segunda a Sexta das 09h00 \u00e0s 18h00. Lemos e respondemos todas as mensagens por ordem de chegada.<\/span><\/p>\t\t\t\t\t\t\t\t<\/div>\n\t\t\t\t<\/div>\n\t\t\t\t<div class=\"elementor-element elementor-element-6ee7f79 elementor-widget elementor-widget-spacer\" data-id=\"6ee7f79\" data-element_type=\"widget\" data-widget_type=\"spacer.default\">\n\t\t\t\t<div class=\"elementor-widget-container\">\n\t\t\t\t\t\t\t<div class=\"elementor-spacer\">\n\t\t\t<div class=\"elementor-spacer-inner\"><\/div>\n\t\t<\/div>\n\t\t\t\t\t\t<\/div>\n\t\t\t\t<\/div>\n\t\t\t\t\t<\/div>\n\t\t<\/div>\n\t\t\t\t\t<\/div>\n\t\t<\/section>\n\t\t\t\t<\/div>\n\t\t","protected":false},"excerpt":{"rendered":"<p>DIGA ADEUS AOS CENTAVOS NO KWAI Revelei no v\u00eddeo abaixo como lucrar R$150 reais por dia interagindo no Kwai QUERO LUCRAR COM KWAI Este site n\u00e3o \u00e9 afiliado ao Kwai ou a qualquer entidade do Kwai.&nbsp;Depois que voc\u00ea sai do Kwai, a responsabilidade n\u00e3o \u00e9 deles e sim do nosso site. todos os esfor\u00e7os para indicar claramente e mostrar todas as provas do produto e resultados usados reais. N\u00e3o vendemos seu e-mail ou qualquer informa\u00e7\u00e3o para terceiros. Jamais fazemos nenhum tipo de spam. Se voc\u00ea tiver alguma d\u00favida, sinta-se \u00e0 vontade para usar o link de contato e fale conosco no hor\u00e1rio comercial da Segunda a Sexta das 09h00 \u00e0s 18h00. Lemos e respondemos todas as mensagens por ordem de chegada.<\/p>\n","protected":false},"author":1,"featured_media":0,"parent":0,"menu_order":0,"comment_status":"closed","ping_status":"closed","template":"elementor_canvas","meta":{"footnotes":""},"class_list":["post-2161","page","type-page","status-publish","hentry"],"_links":{"self":[{"href":"https:\/\/primeironegocio.online\/index.php\/wp-json\/wp\/v2\/pages\/2161","targetHints":{"allow":["GET"]}}],"collection":[{"href":"https:\/\/primeironegocio.online\/index.php\/wp-json\/wp\/v2\/pages"}],"about":[{"href":"https:\/\/primeironegocio.online\/index.php\/wp-json\/wp\/v2\/types\/page"}],"author":[{"embeddable":true,"href":"https:\/\/primeironegocio.online\/index.php\/wp-json\/wp\/v2\/users\/1"}],"replies":[{"embeddable":true,"href":"https:\/\/primeironegocio.online\/index.php\/wp-json\/wp\/v2\/comments?post=2161"}],"version-history":[{"count":0,"href":"https:\/\/primeironegocio.online\/index.php\/wp-json\/wp\/v2\/pages\/2161\/revisions"}],"wp:attachment":[{"href":"https:\/\/primeironegocio.online\/index.php\/wp-json\/wp\/v2\/media?parent=2161"}],"curies":[{"name":"wp","href":"https:\/\/api.w.org\/{rel}","templated":true}]}}