{"id":2549,"date":"2024-09-02T03:16:52","date_gmt":"2024-09-02T03:16:52","guid":{"rendered":"https:\/\/primeironegocio.online\/?page_id=2549"},"modified":"2024-12-31T03:30:33","modified_gmt":"2024-12-31T03:30:33","slug":"upsell","status":"publish","type":"page","link":"https:\/\/primeironegocio.online\/index.php\/upsell\/","title":{"rendered":"Ganhe com Kwai \/ Matheus Rodrigues 430K UPSELL"},"content":{"rendered":"\t\t<div data-elementor-type=\"wp-page\" data-elementor-id=\"2549\" class=\"elementor elementor-2549\" data-elementor-settings=\"{&quot;ha_cmc_init_switcher&quot;:&quot;no&quot;}\">\n\t\t\t\t\t\t<section class=\"elementor-section elementor-top-section elementor-element elementor-element-0817a2d elementor-section-boxed elementor-section-height-default elementor-section-height-default wpr-particle-no wpr-jarallax-no wpr-parallax-no wpr-sticky-section-no\" data-id=\"0817a2d\" data-element_type=\"section\" data-settings=\"{&quot;_ha_eqh_enable&quot;:false}\">\n\t\t\t\t\t\t<div class=\"elementor-container elementor-column-gap-default\">\n\t\t\t\t\t<div class=\"elementor-column elementor-col-100 elementor-top-column elementor-element elementor-element-0a11870\" data-id=\"0a11870\" data-element_type=\"column\">\n\t\t\t<div class=\"elementor-widget-wrap\">\n\t\t\t\t\t\t\t<\/div>\n\t\t<\/div>\n\t\t\t\t\t<\/div>\n\t\t<\/section>\n\t\t\t\t<section class=\"elementor-section elementor-top-section elementor-element elementor-element-3b3633b9 elementor-section-boxed elementor-section-height-default elementor-section-height-default wpr-particle-no wpr-jarallax-no wpr-parallax-no wpr-sticky-section-no\" data-id=\"3b3633b9\" data-element_type=\"section\" data-settings=\"{&quot;_ha_eqh_enable&quot;:false}\">\n\t\t\t\t\t\t<div class=\"elementor-container elementor-column-gap-default\">\n\t\t\t\t\t<div class=\"elementor-column elementor-col-100 elementor-top-column elementor-element elementor-element-3738a6ca\" data-id=\"3738a6ca\" data-element_type=\"column\">\n\t\t\t<div class=\"elementor-widget-wrap\">\n\t\t\t\t\t\t\t<\/div>\n\t\t<\/div>\n\t\t\t\t\t<\/div>\n\t\t<\/section>\n\t\t\t\t<section class=\"elementor-section elementor-top-section elementor-element elementor-element-3593b994 elementor-section-boxed elementor-section-height-default elementor-section-height-default wpr-particle-no wpr-jarallax-no wpr-parallax-no wpr-sticky-section-no\" data-id=\"3593b994\" data-element_type=\"section\" data-settings=\"{&quot;background_background&quot;:&quot;classic&quot;,&quot;_ha_eqh_enable&quot;:false}\">\n\t\t\t\t\t\t\t<div class=\"elementor-background-overlay\"><\/div>\n\t\t\t\t\t\t\t<div class=\"elementor-container elementor-column-gap-default\">\n\t\t\t\t\t<div class=\"elementor-column elementor-col-100 elementor-top-column elementor-element elementor-element-73d489ea\" data-id=\"73d489ea\" data-element_type=\"column\" data-settings=\"{&quot;background_background&quot;:&quot;classic&quot;}\">\n\t\t\t<div class=\"elementor-widget-wrap elementor-element-populated\">\n\t\t\t\t\t\t<div class=\"elementor-element elementor-element-3d1671c6 elementor-widget elementor-widget-heading\" data-id=\"3d1671c6\" data-element_type=\"widget\" data-widget_type=\"heading.default\">\n\t\t\t\t<div class=\"elementor-widget-container\">\n\t\t\t\t\t<h3 class=\"elementor-heading-title elementor-size-default\"><font style=\"vertical-align: inherit\"><font style=\"vertical-align: inherit\">N\u00e3o saia desta p\u00e1gina <\/font><\/font><font style=\"vertical-align: inherit\"><font style=\"vertical-align: inherit\">!<\/font><\/font><\/h3>\t\t\t\t<\/div>\n\t\t\t\t<\/div>\n\t\t\t\t<div class=\"elementor-element elementor-element-442594ac elementor-widget elementor-widget-spacer\" data-id=\"442594ac\" data-element_type=\"widget\" data-widget_type=\"spacer.default\">\n\t\t\t\t<div class=\"elementor-widget-container\">\n\t\t\t\t\t\t\t<div class=\"elementor-spacer\">\n\t\t\t<div class=\"elementor-spacer-inner\"><\/div>\n\t\t<\/div>\n\t\t\t\t\t\t<\/div>\n\t\t\t\t<\/div>\n\t\t\t\t<div class=\"elementor-element elementor-element-5c2ab0f4 elementor-widget elementor-widget-text-editor\" data-id=\"5c2ab0f4\" data-element_type=\"widget\" data-widget_type=\"text-editor.default\">\n\t\t\t\t<div class=\"elementor-widget-container\">\n\t\t\t\t\t\t\t\t\t<p><span style=\"vertical-align: inherit;\"><span style=\"vertical-align: inherit;\"><span style=\"vertical-align: inherit;\"><span style=\"vertical-align: inherit;\"><span style=\"vertical-align: inherit;\"><span style=\"vertical-align: inherit;\"><span style=\"vertical-align: inherit;\"><span style=\"vertical-align: inherit;\"><span style=\"vertical-align: inherit;\"><span style=\"vertical-align: inherit;\">Parab\u00e9ns, voc\u00ea adquriu o treinamento Kwai Lucrativo, assista o v\u00eddeo abaixo!<\/span><\/span><\/span><\/span><\/span><\/span><\/span><\/span><\/span><\/span><\/p>\t\t\t\t\t\t\t\t<\/div>\n\t\t\t\t<\/div>\n\t\t\t\t<div class=\"elementor-element elementor-element-31dc4e9b elementor-widget elementor-widget-spacer\" data-id=\"31dc4e9b\" data-element_type=\"widget\" data-widget_type=\"spacer.default\">\n\t\t\t\t<div class=\"elementor-widget-container\">\n\t\t\t\t\t\t\t<div class=\"elementor-spacer\">\n\t\t\t<div class=\"elementor-spacer-inner\"><\/div>\n\t\t<\/div>\n\t\t\t\t\t\t<\/div>\n\t\t\t\t<\/div>\n\t\t\t\t<div class=\"elementor-element elementor-element-5e693efa elementor-widget elementor-widget-html\" data-id=\"5e693efa\" data-element_type=\"widget\" data-widget_type=\"html.default\">\n\t\t\t\t<div class=\"elementor-widget-container\">\n\t\t\t\t\t<div id=\"vid_665f379ac28e81000bdfd65e\" style=\"position:relative;width:100%;padding: 56.25% 0 0;\"> <img decoding=\"async\" id=\"thumb_665f379ac28e81000bdfd65e\" src=\"https:\/\/images.converteai.net\/934e483c-9b34-4d58-be02-ce7e62d297f7\/players\/665f379ac28e81000bdfd65e\/thumbnail.jpg\" style=\"position:absolute;top:0;left:0;width:100%;height:100%;object-fit:cover;display:block;\"> <div id=\"backdrop_665f379ac28e81000bdfd65e\" style=\"position:absolute;top:0;width:100%;height:100%;-webkit-backdrop-filter:blur(5px);backdrop-filter:blur(5px);\"><\/div> <\/div> <script type=\"text\/javascript\" id=\"scr_665f379ac28e81000bdfd65e\"> var s=document.createElement(\"script\"); s.src=\"https:\/\/scripts.converteai.net\/934e483c-9b34-4d58-be02-ce7e62d297f7\/players\/665f379ac28e81000bdfd65e\/player.js\", s.async=!0,document.head.appendChild(s); <\/script> <style> .elementor-element:has(#smartplayer) { width: 100%; } <\/style>\t\t\t\t<\/div>\n\t\t\t\t<\/div>\n\t\t\t\t<div class=\"elementor-element elementor-element-9b81bce elementor-widget elementor-widget-html\" data-id=\"9b81bce\" data-element_type=\"widget\" data-widget_type=\"html.default\">\n\t\t\t\t<div class=\"elementor-widget-container\">\n\t\t\t\t\t\n      <script>\n        var offer = \"c509ac39-95a3-4bff-9f05-356a13dd8c5d\";\n        var nextPageURL = null;\n        var refusePageURL = null;\n      <\/script>\n      <script src=\"https:\/\/snippets.kirvano.com\/upsell.min.js\"><\/script>\n\n      <!--\n      INSTRU\u00c7\u00d5ES:\n\n      Para abrir o modal do upsell, basta adicionar a classe \"kirvano-payment-trigger\" no(s) elemento(s)\n      da p\u00e1gina que v\u00e3o executar a a\u00e7\u00e3o de compra.\n\n      Exemplo:\n      <button class=\"kirvano-payment-trigger\">Sim, eu aceito essa oferta especial!<\/button>\n\n      Da mesma forma, para rejeitar a oferta, adicione a classe \"kirvano-refuse-trigger\"\n      no(s) elemento(s) por essa a\u00e7\u00e3o. Dependendo de como sua estrat\u00e9gia foi configurada,\n      o cliente ser\u00e1 direcionado para uma nova oferta  ou para a \"P\u00e1gina de obrigado\" da Kirvano.\n\n    <button class=\"kirvano-payment-trigger\">Sim, eu aceito essa oferta especial!<\/button>\n    \n    <button class=\"kirvano-refuse-trigger\">N\u00e3o,eu gostaria de recusar essa oferta<\/button>\n    \t\t\t\t<\/div>\n\t\t\t\t<\/div>\n\t\t\t\t<div class=\"elementor-element elementor-element-2e406cc0 elementor-widget elementor-widget-image\" data-id=\"2e406cc0\" data-element_type=\"widget\" data-widget_type=\"image.default\">\n\t\t\t\t<div class=\"elementor-widget-container\">\n\t\t\t\t\t\t\t\t\t\t\t\t\t\t\t<img fetchpriority=\"high\" decoding=\"async\" width=\"667\" height=\"1024\" src=\"https:\/\/primeironegocio.online\/wp-content\/uploads\/2023\/06\/IMG_5643-667x1024.jpg\" class=\"attachment-large size-large wp-image-1038\" alt=\"\" srcset=\"https:\/\/primeironegocio.online\/wp-content\/uploads\/2023\/06\/IMG_5643-667x1024.jpg 667w, https:\/\/primeironegocio.online\/wp-content\/uploads\/2023\/06\/IMG_5643-195x300.jpg 195w, https:\/\/primeironegocio.online\/wp-content\/uploads\/2023\/06\/IMG_5643-768x1180.jpg 768w, https:\/\/primeironegocio.online\/wp-content\/uploads\/2023\/06\/IMG_5643-1000x1536.jpg 1000w, https:\/\/primeironegocio.online\/wp-content\/uploads\/2023\/06\/IMG_5643-600x921.jpg 600w, https:\/\/primeironegocio.online\/wp-content\/uploads\/2023\/06\/IMG_5643.jpg 1131w\" sizes=\"(max-width: 667px) 100vw, 667px\" \/>\t\t\t\t\t\t\t\t\t\t\t\t\t\t\t<\/div>\n\t\t\t\t<\/div>\n\t\t\t\t<div class=\"elementor-element elementor-element-76d726c0 elementor-widget elementor-widget-image\" data-id=\"76d726c0\" data-element_type=\"widget\" data-widget_type=\"image.default\">\n\t\t\t\t<div class=\"elementor-widget-container\">\n\t\t\t\t\t\t\t\t\t\t\t\t\t\t\t<img decoding=\"async\" width=\"640\" height=\"1024\" src=\"https:\/\/primeironegocio.online\/wp-content\/uploads\/2023\/06\/IMG_5619-3-640x1024.jpg\" class=\"attachment-large size-large wp-image-1033\" alt=\"\" srcset=\"https:\/\/primeironegocio.online\/wp-content\/uploads\/2023\/06\/IMG_5619-3-640x1024.jpg 640w, https:\/\/primeironegocio.online\/wp-content\/uploads\/2023\/06\/IMG_5619-3-187x300.jpg 187w, https:\/\/primeironegocio.online\/wp-content\/uploads\/2023\/06\/IMG_5619-3-768x1229.jpg 768w, https:\/\/primeironegocio.online\/wp-content\/uploads\/2023\/06\/IMG_5619-3-959x1536.jpg 959w, https:\/\/primeironegocio.online\/wp-content\/uploads\/2023\/06\/IMG_5619-3-600x961.jpg 600w, https:\/\/primeironegocio.online\/wp-content\/uploads\/2023\/06\/IMG_5619-3.jpg 1125w\" sizes=\"(max-width: 640px) 100vw, 640px\" \/>\t\t\t\t\t\t\t\t\t\t\t\t\t\t\t<\/div>\n\t\t\t\t<\/div>\n\t\t\t\t<div class=\"elementor-element elementor-element-1fb0265f elementor-widget elementor-widget-spacer\" data-id=\"1fb0265f\" data-element_type=\"widget\" data-widget_type=\"spacer.default\">\n\t\t\t\t<div class=\"elementor-widget-container\">\n\t\t\t\t\t\t\t<div class=\"elementor-spacer\">\n\t\t\t<div class=\"elementor-spacer-inner\"><\/div>\n\t\t<\/div>\n\t\t\t\t\t\t<\/div>\n\t\t\t\t<\/div>\n\t\t\t\t<div class=\"elementor-element elementor-element-c4a3f04 elementor-widget elementor-widget-text-editor\" data-id=\"c4a3f04\" data-element_type=\"widget\" data-widget_type=\"text-editor.default\">\n\t\t\t\t<div class=\"elementor-widget-container\">\n\t\t\t\t\t\t\t\t\t<p><b><span style=\"vertical-align: inherit;\"><span style=\"vertical-align: inherit;\">Este site n\u00e3o \u00e9 afiliado ao Kwai ou a qualquer entidade do Kwai.\u00a0<\/span><\/span><\/b><span style=\"vertical-align: inherit;\"><span style=\"vertical-align: inherit;\"> \u00a0Depois que voc\u00ea sair do Kwai, a responsabilidade n\u00e3o \u00e9 deles e sim do nosso site. todos os esfor\u00e7os para indicar claramente e mostrar todas as provas do produto e resultados usados \u200b\u200breais. N\u00e3o vendemos seu e-mail ou qualquer informa\u00e7\u00e3o para terceiros. Jamais n\u00e3o fazemos nenhum tipo de spam. Se voc\u00ea tiver alguma d\u00favida, sinta-se \u00e0 vontade para usar o link de contato e fale conosco no hor\u00e1rio comercial da Segunda a Sexta das 09h00 \u00e0s 18h00. Lemos e respondemos todas as mensagens por ordem de chegada.<\/span><\/span><\/p>\t\t\t\t\t\t\t\t<\/div>\n\t\t\t\t<\/div>\n\t\t\t\t\t<\/div>\n\t\t<\/div>\n\t\t\t\t\t<\/div>\n\t\t<\/section>\n\t\t\t\t<\/div>\n\t\t","protected":false},"excerpt":{"rendered":"<p>N\u00e3o saia desta p\u00e1gina ! Parab\u00e9ns, voc\u00ea adquriu o treinamento Kwai Lucrativo, assista o v\u00eddeo abaixo!<\/p>\n","protected":false},"author":1,"featured_media":0,"parent":0,"menu_order":0,"comment_status":"closed","ping_status":"closed","template":"elementor_canvas","meta":{"footnotes":""},"class_list":["post-2549","page","type-page","status-publish","hentry"],"_links":{"self":[{"href":"https:\/\/primeironegocio.online\/index.php\/wp-json\/wp\/v2\/pages\/2549","targetHints":{"allow":["GET"]}}],"collection":[{"href":"https:\/\/primeironegocio.online\/index.php\/wp-json\/wp\/v2\/pages"}],"about":[{"href":"https:\/\/primeironegocio.online\/index.php\/wp-json\/wp\/v2\/types\/page"}],"author":[{"embeddable":true,"href":"https:\/\/primeironegocio.online\/index.php\/wp-json\/wp\/v2\/users\/1"}],"replies":[{"embeddable":true,"href":"https:\/\/primeironegocio.online\/index.php\/wp-json\/wp\/v2\/comments?post=2549"}],"version-history":[{"count":0,"href":"https:\/\/primeironegocio.online\/index.php\/wp-json\/wp\/v2\/pages\/2549\/revisions"}],"wp:attachment":[{"href":"https:\/\/primeironegocio.online\/index.php\/wp-json\/wp\/v2\/media?parent=2549"}],"curies":[{"name":"wp","href":"https:\/\/api.w.org\/{rel}","templated":true}]}}