{"id":3488,"date":"2025-04-26T01:00:13","date_gmt":"2025-04-26T01:00:13","guid":{"rendered":"https:\/\/primeironegocio.online\/?page_id=3488"},"modified":"2025-04-26T01:57:50","modified_gmt":"2025-04-26T01:57:50","slug":"matheusfernandes01","status":"publish","type":"page","link":"https:\/\/primeironegocio.online\/index.php\/matheusfernandes01\/","title":{"rendered":"<font style=\"vertical-align: inherit;\"><font style=\"vertical-align: inherit;\">Kwai Lucrativo 01<\/font><\/font>"},"content":{"rendered":"\t\t<div data-elementor-type=\"wp-page\" data-elementor-id=\"3488\" class=\"elementor elementor-3488\" data-elementor-settings=\"{&quot;ha_cmc_init_switcher&quot;:&quot;no&quot;}\">\n\t\t\t\t\t\t<section class=\"elementor-section elementor-top-section elementor-element elementor-element-6049af27 elementor-section-boxed elementor-section-height-default elementor-section-height-default wpr-particle-no wpr-jarallax-no wpr-parallax-no wpr-sticky-section-no\" data-id=\"6049af27\" data-element_type=\"section\" data-settings=\"{&quot;background_background&quot;:&quot;classic&quot;,&quot;_ha_eqh_enable&quot;:false}\">\n\t\t\t\t\t\t<div class=\"elementor-container elementor-column-gap-default\">\n\t\t\t\t\t<div class=\"elementor-column elementor-col-50 elementor-top-column elementor-element elementor-element-4f527e3\" data-id=\"4f527e3\" data-element_type=\"column\">\n\t\t\t<div class=\"elementor-widget-wrap\">\n\t\t\t\t\t\t\t<\/div>\n\t\t<\/div>\n\t\t\t\t<div class=\"elementor-column elementor-col-50 elementor-top-column elementor-element elementor-element-37d60cbf\" data-id=\"37d60cbf\" data-element_type=\"column\">\n\t\t\t<div class=\"elementor-widget-wrap elementor-element-populated\">\n\t\t\t\t\t\t<div class=\"elementor-element elementor-element-47f893dd elementor-widget elementor-widget-spacer\" data-id=\"47f893dd\" data-element_type=\"widget\" data-widget_type=\"spacer.default\">\n\t\t\t\t<div class=\"elementor-widget-container\">\n\t\t\t\t\t\t\t<div class=\"elementor-spacer\">\n\t\t\t<div class=\"elementor-spacer-inner\"><\/div>\n\t\t<\/div>\n\t\t\t\t\t\t<\/div>\n\t\t\t\t<\/div>\n\t\t\t\t<div class=\"elementor-element elementor-element-49d5788a elementor-widget elementor-widget-ha-gradient-heading happy-addon ha-gradient-heading\" data-id=\"49d5788a\" data-element_type=\"widget\" data-widget_type=\"ha-gradient-heading.default\">\n\t\t\t\t<div class=\"elementor-widget-container\">\n\t\t\t\t\t<h4 class=\"ha-gradient-heading\">O \u00fanico influenciador que vai te ensinar a sair dos centavos no Kwai.<\/h4>\t\t\t\t<\/div>\n\t\t\t\t<\/div>\n\t\t\t\t<div class=\"elementor-element elementor-element-a392014 elementor-widget elementor-widget-spacer\" data-id=\"a392014\" data-element_type=\"widget\" data-widget_type=\"spacer.default\">\n\t\t\t\t<div class=\"elementor-widget-container\">\n\t\t\t\t\t\t\t<div class=\"elementor-spacer\">\n\t\t\t<div class=\"elementor-spacer-inner\"><\/div>\n\t\t<\/div>\n\t\t\t\t\t\t<\/div>\n\t\t\t\t<\/div>\n\t\t\t\t<div class=\"elementor-element elementor-element-66eee60a elementor-widget elementor-widget-ha-gradient-heading happy-addon ha-gradient-heading\" data-id=\"66eee60a\" data-element_type=\"widget\" data-widget_type=\"ha-gradient-heading.default\">\n\t\t\t\t<div class=\"elementor-widget-container\">\n\t\t\t\t\t<h4 class=\"ha-gradient-heading\">saia dos centavos hoje mesmo, sem precisar de contratos com o Kwai e nem mesmo aparecer, assista o v\u00eddeo!<\/h4>\t\t\t\t<\/div>\n\t\t\t\t<\/div>\n\t\t\t\t<div class=\"elementor-element elementor-element-76745adc elementor-widget elementor-widget-spacer\" data-id=\"76745adc\" data-element_type=\"widget\" data-widget_type=\"spacer.default\">\n\t\t\t\t<div class=\"elementor-widget-container\">\n\t\t\t\t\t\t\t<div class=\"elementor-spacer\">\n\t\t\t<div class=\"elementor-spacer-inner\"><\/div>\n\t\t<\/div>\n\t\t\t\t\t\t<\/div>\n\t\t\t\t<\/div>\n\t\t\t\t<div class=\"elementor-element elementor-element-240fc5df elementor-widget elementor-widget-html\" data-id=\"240fc5df\" data-element_type=\"widget\" data-widget_type=\"html.default\">\n\t\t\t\t<div class=\"elementor-widget-container\">\n\t\t\t\t\t<div id=\"vid_67a01a89ba7fdc134bf928fe\" style=\"position: relative; width: 100%; padding: 56.25% 0 0;\"> <img decoding=\"async\" id=\"thumb_67a01a89ba7fdc134bf928fe\" src=\"https:\/\/images.converteai.net\/934e483c-9b34-4d58-be02-ce7e62d297f7\/players\/67a01a89ba7fdc134bf928fe\/thumbnail.jpg\" style=\"position: absolute; top: 0; left: 0; width: 100%; height: 100%; object-fit: cover; display: block;\" alt=\"thumbnail\"> <div id=\"backdrop_67a01a89ba7fdc134bf928fe\" style=\" -webkit-backdrop-filter: blur(5px); backdrop-filter: blur(5px); position: absolute; top: 0; height: 100%; width: 100%; \"><\/div> <\/div> <script type=\"text\/javascript\" id=\"scr_67a01a89ba7fdc134bf928fe\"> var s=document.createElement(\"script\"); s.src=\"https:\/\/scripts.converteai.net\/934e483c-9b34-4d58-be02-ce7e62d297f7\/players\/67a01a89ba7fdc134bf928fe\/player.js\", s.async=!0,document.head.appendChild(s); <\/script>\t\t\t\t<\/div>\n\t\t\t\t<\/div>\n\t\t\t\t<div class=\"elementor-element elementor-element-2a7b1caa elementor-widget elementor-widget-spacer\" data-id=\"2a7b1caa\" data-element_type=\"widget\" data-widget_type=\"spacer.default\">\n\t\t\t\t<div class=\"elementor-widget-container\">\n\t\t\t\t\t\t\t<div class=\"elementor-spacer\">\n\t\t\t<div class=\"elementor-spacer-inner\"><\/div>\n\t\t<\/div>\n\t\t\t\t\t\t<\/div>\n\t\t\t\t<\/div>\n\t\t\t\t<div class=\"elementor-element elementor-element-17a2686d elementor-mobile-align-center elementor-align-center elementor-invisible elementor-widget elementor-widget-button\" data-id=\"17a2686d\" data-element_type=\"widget\" data-settings=\"{&quot;_animation&quot;:&quot;fadeIn&quot;,&quot;_animation_mobile&quot;:&quot;pulse&quot;,&quot;_animation_delay&quot;:520000}\" data-widget_type=\"button.default\">\n\t\t\t\t<div class=\"elementor-widget-container\">\n\t\t\t\t\t\t\t\t\t<div class=\"elementor-button-wrapper\">\n\t\t\t\t\t<a class=\"elementor-button elementor-button-link elementor-size-sm\" href=\"https:\/\/pay.kirvano.com\/9f0a30f9-5447-46e1-8076-4780034cbe8f\">\n\t\t\t\t\t\t<span class=\"elementor-button-content-wrapper\">\n\t\t\t\t\t\t\t\t\t<span class=\"elementor-button-text\">Quero meu Kwai Lucrativo<\/span>\n\t\t\t\t\t<\/span>\n\t\t\t\t\t<\/a>\n\t\t\t\t<\/div>\n\t\t\t\t\t\t\t\t<\/div>\n\t\t\t\t<\/div>\n\t\t\t\t<div class=\"elementor-element elementor-element-5459718 elementor-widget elementor-widget-spacer\" data-id=\"5459718\" data-element_type=\"widget\" data-widget_type=\"spacer.default\">\n\t\t\t\t<div class=\"elementor-widget-container\">\n\t\t\t\t\t\t\t<div class=\"elementor-spacer\">\n\t\t\t<div class=\"elementor-spacer-inner\"><\/div>\n\t\t<\/div>\n\t\t\t\t\t\t<\/div>\n\t\t\t\t<\/div>\n\t\t\t\t\t<\/div>\n\t\t<\/div>\n\t\t\t\t\t<\/div>\n\t\t<\/section>\n\t\t\t\t<section class=\"elementor-section elementor-top-section elementor-element elementor-element-1e951e9 elementor-section-boxed elementor-section-height-default elementor-section-height-default wpr-particle-no wpr-jarallax-no wpr-parallax-no wpr-sticky-section-no\" data-id=\"1e951e9\" data-element_type=\"section\" data-settings=\"{&quot;background_background&quot;:&quot;classic&quot;,&quot;_ha_eqh_enable&quot;:false}\">\n\t\t\t\t\t\t<div class=\"elementor-container elementor-column-gap-default\">\n\t\t\t\t\t<div class=\"elementor-column elementor-col-100 elementor-top-column elementor-element elementor-element-5f2de53c\" data-id=\"5f2de53c\" data-element_type=\"column\">\n\t\t\t<div class=\"elementor-widget-wrap elementor-element-populated\">\n\t\t\t\t\t\t<div class=\"elementor-element elementor-element-1531c135 elementor-widget elementor-widget-image\" data-id=\"1531c135\" data-element_type=\"widget\" data-widget_type=\"image.default\">\n\t\t\t\t<div class=\"elementor-widget-container\">\n\t\t\t\t\t\t\t\t\t\t\t\t\t\t\t<img fetchpriority=\"high\" decoding=\"async\" width=\"667\" height=\"1024\" src=\"https:\/\/primeironegocio.online\/wp-content\/uploads\/2023\/06\/IMG_5643-667x1024.jpg\" class=\"attachment-large size-large wp-image-1038\" alt=\"\" srcset=\"https:\/\/primeironegocio.online\/wp-content\/uploads\/2023\/06\/IMG_5643-667x1024.jpg 667w, https:\/\/primeironegocio.online\/wp-content\/uploads\/2023\/06\/IMG_5643-195x300.jpg 195w, https:\/\/primeironegocio.online\/wp-content\/uploads\/2023\/06\/IMG_5643-768x1180.jpg 768w, https:\/\/primeironegocio.online\/wp-content\/uploads\/2023\/06\/IMG_5643-1000x1536.jpg 1000w, https:\/\/primeironegocio.online\/wp-content\/uploads\/2023\/06\/IMG_5643-600x921.jpg 600w, https:\/\/primeironegocio.online\/wp-content\/uploads\/2023\/06\/IMG_5643.jpg 1131w\" sizes=\"(max-width: 667px) 100vw, 667px\" \/>\t\t\t\t\t\t\t\t\t\t\t\t\t\t\t<\/div>\n\t\t\t\t<\/div>\n\t\t\t\t<div class=\"elementor-element elementor-element-3e8633ec elementor-widget elementor-widget-image\" data-id=\"3e8633ec\" data-element_type=\"widget\" data-widget_type=\"image.default\">\n\t\t\t\t<div class=\"elementor-widget-container\">\n\t\t\t\t\t\t\t\t\t\t\t\t\t\t\t<img decoding=\"async\" width=\"640\" height=\"1024\" src=\"https:\/\/primeironegocio.online\/wp-content\/uploads\/2023\/06\/IMG_5619-3-640x1024.jpg\" class=\"attachment-large size-large wp-image-1033\" alt=\"\" srcset=\"https:\/\/primeironegocio.online\/wp-content\/uploads\/2023\/06\/IMG_5619-3-640x1024.jpg 640w, https:\/\/primeironegocio.online\/wp-content\/uploads\/2023\/06\/IMG_5619-3-187x300.jpg 187w, https:\/\/primeironegocio.online\/wp-content\/uploads\/2023\/06\/IMG_5619-3-768x1229.jpg 768w, https:\/\/primeironegocio.online\/wp-content\/uploads\/2023\/06\/IMG_5619-3-959x1536.jpg 959w, https:\/\/primeironegocio.online\/wp-content\/uploads\/2023\/06\/IMG_5619-3-600x961.jpg 600w, https:\/\/primeironegocio.online\/wp-content\/uploads\/2023\/06\/IMG_5619-3.jpg 1125w\" sizes=\"(max-width: 640px) 100vw, 640px\" \/>\t\t\t\t\t\t\t\t\t\t\t\t\t\t\t<\/div>\n\t\t\t\t<\/div>\n\t\t\t\t<div class=\"elementor-element elementor-element-5c3ee2d3 elementor-widget elementor-widget-spacer\" data-id=\"5c3ee2d3\" data-element_type=\"widget\" data-widget_type=\"spacer.default\">\n\t\t\t\t<div class=\"elementor-widget-container\">\n\t\t\t\t\t\t\t<div class=\"elementor-spacer\">\n\t\t\t<div class=\"elementor-spacer-inner\"><\/div>\n\t\t<\/div>\n\t\t\t\t\t\t<\/div>\n\t\t\t\t<\/div>\n\t\t\t\t<div class=\"elementor-element elementor-element-b2cfe9d elementor-widget elementor-widget-text-editor\" data-id=\"b2cfe9d\" data-element_type=\"widget\" data-widget_type=\"text-editor.default\">\n\t\t\t\t<div class=\"elementor-widget-container\">\n\t\t\t\t\t\t\t\t\t<p><b><span style=\"vertical-align: inherit;\"><span style=\"vertical-align: inherit;\"><span style=\"vertical-align: inherit;\"><span style=\"vertical-align: inherit;\"><span style=\"vertical-align: inherit;\"><span style=\"vertical-align: inherit;\"><span style=\"vertical-align: inherit;\"><span style=\"vertical-align: inherit;\">Este site n\u00e3o \u00e9 afiliado ao Kwai ou a qualquer entidade do Kwai.\u00a0<\/span><\/span><\/span><\/span><\/span><\/span><\/span><\/span><\/b><span style=\"vertical-align: inherit;\"><span style=\"vertical-align: inherit;\"><span style=\"vertical-align: inherit;\"><span style=\"vertical-align: inherit;\"><span style=\"vertical-align: inherit;\"><span style=\"vertical-align: inherit;\"><span style=\"vertical-align: inherit;\"><span style=\"vertical-align: inherit;\"> \u00a0Depois que voc\u00ea sair do Kwai, a responsabilidade n\u00e3o \u00e9 deles e sim do nosso site. todos os esfor\u00e7os para indicar claramente e mostrar todas as provas do produto e resultados usados \u200b\u200breais. N\u00e3o vendemos seu e-mail ou qualquer informa\u00e7\u00e3o para terceiros. Jamais n\u00e3o fazemos nenhum tipo de spam. Se voc\u00ea tiver alguma d\u00favida, sinta-se \u00e0 vontade para usar o link de contato e fale conosco no hor\u00e1rio comercial da Segunda a Sexta das 09h00 \u00e0s 18h00. Lemos e respondemos todas as mensagens por ordem de chegada.<\/span><\/span><\/span><\/span><\/span><\/span><\/span><\/span><\/p>\t\t\t\t\t\t\t\t<\/div>\n\t\t\t\t<\/div>\n\t\t\t\t<div class=\"elementor-element elementor-element-2147fc8c elementor-widget elementor-widget-spacer\" data-id=\"2147fc8c\" data-element_type=\"widget\" data-widget_type=\"spacer.default\">\n\t\t\t\t<div class=\"elementor-widget-container\">\n\t\t\t\t\t\t\t<div class=\"elementor-spacer\">\n\t\t\t<div class=\"elementor-spacer-inner\"><\/div>\n\t\t<\/div>\n\t\t\t\t\t\t<\/div>\n\t\t\t\t<\/div>\n\t\t\t\t\t<\/div>\n\t\t<\/div>\n\t\t\t\t\t<\/div>\n\t\t<\/section>\n\t\t\t\t<\/div>\n\t\t","protected":false},"excerpt":{"rendered":"<p>O \u00fanico influenciador que vai te ensinar a sair dos centavos no Kwai. saia dos centavos hoje mesmo, sem precisar de contratos com o Kwai e nem mesmo aparecer, assista o v\u00eddeo! Quero meu Kwai Lucrativo Este site n\u00e3o \u00e9 afiliado ao Kwai ou a qualquer entidade do Kwai.\u00a0 \u00a0Depois que voc\u00ea sair do Kwai, a responsabilidade n\u00e3o \u00e9 deles e sim do nosso site. todos os esfor\u00e7os para indicar claramente e mostrar todas as provas do produto e resultados usados \u200b\u200breais. N\u00e3o vendemos seu e-mail ou qualquer informa\u00e7\u00e3o para terceiros. Jamais n\u00e3o fazemos nenhum tipo de spam. Se voc\u00ea tiver alguma d\u00favida, sinta-se \u00e0 vontade para usar o link de contato e fale conosco no hor\u00e1rio comercial da Segunda a Sexta das 09h00 \u00e0s 18h00. Lemos e respondemos todas as mensagens por ordem de chegada.<\/p>\n","protected":false},"author":1,"featured_media":0,"parent":0,"menu_order":0,"comment_status":"closed","ping_status":"closed","template":"elementor_canvas","meta":{"footnotes":""},"class_list":["post-3488","page","type-page","status-publish","hentry"],"_links":{"self":[{"href":"https:\/\/primeironegocio.online\/index.php\/wp-json\/wp\/v2\/pages\/3488","targetHints":{"allow":["GET"]}}],"collection":[{"href":"https:\/\/primeironegocio.online\/index.php\/wp-json\/wp\/v2\/pages"}],"about":[{"href":"https:\/\/primeironegocio.online\/index.php\/wp-json\/wp\/v2\/types\/page"}],"author":[{"embeddable":true,"href":"https:\/\/primeironegocio.online\/index.php\/wp-json\/wp\/v2\/users\/1"}],"replies":[{"embeddable":true,"href":"https:\/\/primeironegocio.online\/index.php\/wp-json\/wp\/v2\/comments?post=3488"}],"version-history":[{"count":28,"href":"https:\/\/primeironegocio.online\/index.php\/wp-json\/wp\/v2\/pages\/3488\/revisions"}],"predecessor-version":[{"id":3517,"href":"https:\/\/primeironegocio.online\/index.php\/wp-json\/wp\/v2\/pages\/3488\/revisions\/3517"}],"wp:attachment":[{"href":"https:\/\/primeironegocio.online\/index.php\/wp-json\/wp\/v2\/media?parent=3488"}],"curies":[{"name":"wp","href":"https:\/\/api.w.org\/{rel}","templated":true}]}}